

{"id":18,"date":"2023-09-07T09:46:02","date_gmt":"2023-09-07T09:46:02","guid":{"rendered":"https:\/\/nordiccosmetic.de\/?post_type=product&#038;p=18"},"modified":"2023-09-07T09:46:02","modified_gmt":"2023-09-07T09:46:02","slug":"fish-oil-omega-3-epa-dha","status":"publish","type":"product","link":"https:\/\/nordiccosmetic.de\/?product=fish-oil-omega-3-epa-dha","title":{"rendered":"Fisch\u00f6l Omega 3 EPA &#038; DHA"},"content":{"rendered":"<ul class=\"a-unordered-list a-vertical a-spacing-mini\">\n<li><span class=\"a-list-item\">Verbesserte Absorption und Bioverf\u00fcgbarkeit: Im Gegensatz zu den meisten Fisch\u00f6lerg\u00e4nzungen auf dem Markt wird dieses ultrareine Omega-3-Fisch\u00f6l mit einer gesch\u00fctzten Methode extrahiert, die den Wert der Omega-3-Fetts\u00e4uren f\u00fcr eine verbesserte Absorption und eine hervorragende Bioverf\u00fcgbarkeit konzentriert<\/span><\/li>\n<li><span class=\"a-list-item\">Nachhaltig gefangen aus Island: Die Fische stammen nicht aus Zuchtbetrieben, sondern werden frisch in den unber\u00fchrten, kalten Gew\u00e4ssern Islands gefangen, um eine au\u00dfergew\u00f6hnliche Reinheit und Kontaminationsfreiheit zu gew\u00e4hrleisten, was durch die strengen Tests jeder einzelnen Charge belegt wird<\/span><\/li>\n<li><span class=\"a-list-item\">2,250MG Fisch\u00f6l pro Portion &#8211; Jede Tagesportion enth\u00e4lt 1200mg EPA, 900mg DHA und 150mg anderer Omega-3-Fetts\u00e4uren zur Unterst\u00fctzung der Gesundheit des Gehirns, der Augen und des gesamten K\u00f6rpers<\/span><\/li>\n<li><span class=\"a-list-item\">Unterst\u00fctzt ein gesundes Herz: Kann zur Unterst\u00fctzung und Aufrechterhaltung eines gesunden Cholesterinspiegels beitragen, der sich bereits im normalen Bereich befindet<\/span><\/li>\n<li><span class=\"a-list-item\">Vom Arzt formuliert: Das hochwertige Omega-3-Fisch\u00f6l von BioSchwartz wird von \u00c4rzten formuliert und in den USA nach strengen GMP-Richtlinien hergestellt. Unsere Formel wird von Dritten auf Reinheit gepr\u00fcft und ohne GMOS, Soja, Gluten, Milch, Ei, Weizen oder Erdn\u00fcsse hergestellt. Sie enthalten auch keine Konservierungsmittel, k\u00fcnstlichen Zutaten, F\u00fcllstoffe, Chemikalien oder Farbzus\u00e4tze<\/span><\/li>\n<\/ul>\n","protected":false},"excerpt":{"rendered":"<ul>\n<li>Burpless Lemon Flavor<\/li>\n<li>Triple Strength Supplement<\/li>\n<li>Immune &amp; Heart Support Fatty Acids Pills<\/li>\n<li>Promotes Immunity<\/li>\n<li>Joint, Eyes, Brain &amp; Skin Health<\/li>\n<li>Non GMO<\/li>\n<\/ul>\n","protected":false},"featured_media":32,"comment_status":"open","ping_status":"closed","template":"","meta":[],"product_cat":[18],"product_tag":[],"class_list":{"0":"post-18","1":"product","2":"type-product","3":"status-publish","4":"has-post-thumbnail","6":"product_cat-supplements","8":"first","9":"instock","10":"shipping-taxable","11":"purchasable","12":"product-type-simple"},"_links":{"self":[{"href":"https:\/\/nordiccosmetic.de\/index.php?rest_route=\/wp\/v2\/product\/18","targetHints":{"allow":["GET"]}}],"collection":[{"href":"https:\/\/nordiccosmetic.de\/index.php?rest_route=\/wp\/v2\/product"}],"about":[{"href":"https:\/\/nordiccosmetic.de\/index.php?rest_route=\/wp\/v2\/types\/product"}],"replies":[{"embeddable":true,"href":"https:\/\/nordiccosmetic.de\/index.php?rest_route=%2Fwp%2Fv2%2Fcomments&post=18"}],"wp:featuredmedia":[{"embeddable":true,"href":"https:\/\/nordiccosmetic.de\/index.php?rest_route=\/wp\/v2\/media\/32"}],"wp:attachment":[{"href":"https:\/\/nordiccosmetic.de\/index.php?rest_route=%2Fwp%2Fv2%2Fmedia&parent=18"}],"wp:term":[{"taxonomy":"product_cat","embeddable":true,"href":"https:\/\/nordiccosmetic.de\/index.php?rest_route=%2Fwp%2Fv2%2Fproduct_cat&post=18"},{"taxonomy":"product_tag","embeddable":true,"href":"https:\/\/nordiccosmetic.de\/index.php?rest_route=%2Fwp%2Fv2%2Fproduct_tag&post=18"}],"curies":[{"name":"wp","href":"https:\/\/api.w.org\/{rel}","templated":true}]}}