

{"id":108,"date":"2024-09-05T11:49:18","date_gmt":"2024-09-05T11:49:18","guid":{"rendered":"https:\/\/nordiccosmetic.de\/?post_type=product&#038;p=108"},"modified":"2025-09-19T09:32:21","modified_gmt":"2025-09-19T09:32:21","slug":"lash-booster","status":"publish","type":"product","link":"https:\/\/nordiccosmetic.de\/?product=lash-booster","title":{"rendered":"Wimpernserum mit Vitamin F 5ml"},"content":{"rendered":"<p>Wir stellen unser revolution\u00e4res Wimpern- und Brauenserum vor, das mit einem leistungsstarken, nat\u00fcrlichen Pflanzenextrakt angereichert ist. Dieses Serum ist mit einem Wirkstoff angereichert, von dem bekannt ist, dass er die Gesundheit von Haut und Haar f\u00f6rdert.<\/p>\n<p>Unser Wimpern- und Brauenserum n\u00e4hrt und st\u00e4rkt Ihre Wimpern und Brauen, f\u00f6rdert ein gesundes Wachstum und verbessert die Gesamtstruktur. Das Serum enth\u00e4lt eine Mischung aus pflegenden Inhaltsstoffen, die zusammenwirken, um Ihre Wimpern und Augenbrauen mit Feuchtigkeit zu versorgen und zu revitalisieren, so dass sie voller, dichter und definierter aussehen.<\/p>\n<p>Das Serum ist einfach in der Anwendung und kann t\u00e4glich auf Ihre Wimpern und Augenbrauen aufgetragen werden, um sie vor umweltbedingten Sch\u00e4den zu sch\u00fctzen. Bei regelm\u00e4\u00dfiger Anwendung k\u00f6nnen Sie die langen, \u00fcppigen Wimpern und die definierten, kr\u00e4ftigen Augenbrauen erhalten, von denen Sie schon immer getr\u00e4umt haben.<\/p>\n<p>Unser Wimpern- und Brauenserum ist frei von aggressiven Chemikalien und frei von Tierversuchen, was es zu einer sicheren und ethischen Wahl f\u00fcr Ihre Sch\u00f6nheitsroutine macht. Wenn Sie also auf der Suche nach einer nat\u00fcrlichen, effektiven Methode zur Versch\u00f6nerung Ihrer Wimpern und Brauen sind, probieren Sie unser Wimpern- und Brauenserum noch heute aus und \u00fcberzeugen Sie sich selbst von dem Unterschied!<\/p>\n<p>Vegane und tierversuchsfreies Wimpern- &amp; Augenbrauenserum mit Vitamin F f\u00fcr nat\u00fcrlich l\u00e4ngere und st\u00e4rkere Wimpern und Augenbrauen. Das Bold Wimpern- und Augenbrauenserum ist hormon- und parf\u00fcmfrei und wurde f\u00fcr alle Hauttypen entwickelt. Dieses Wimpern- und Augenbrauenserum hat eine n\u00e4hrende und st\u00e4rkende Wirkung auf Wimpern und Augenbrauen und unterst\u00fctzt das nat\u00fcrliche Haarwachstum. Diese Formulierung ist mit Vitamin F, Omega 3, Argan- und Rizinus\u00f6l angereichert, um die Haut zu n\u00e4hren und f\u00fcr starke und flexible H\u00e4rchen zu sorgen.<\/p>\n","protected":false},"excerpt":{"rendered":"<ul>\n<li>Wenn Deine Wimpern br\u00fcchig und kraftlos sind<\/li>\n<li>F\u00fcr nat\u00fcrlich vollere und gest\u00e4rkte Wimpern und Augenbrauen<\/li>\n<li>Magie f\u00fcr Wimpern und Augenbrauen<\/li>\n<\/ul>\n","protected":false},"featured_media":93,"comment_status":"open","ping_status":"closed","template":"","meta":[],"product_cat":[15],"product_tag":[],"class_list":{"0":"post-108","1":"product","2":"type-product","3":"status-publish","4":"has-post-thumbnail","6":"product_cat-uncategorized","8":"first","9":"instock","10":"shipping-taxable","11":"purchasable","12":"product-type-simple"},"_links":{"self":[{"href":"https:\/\/nordiccosmetic.de\/index.php?rest_route=\/wp\/v2\/product\/108","targetHints":{"allow":["GET"]}}],"collection":[{"href":"https:\/\/nordiccosmetic.de\/index.php?rest_route=\/wp\/v2\/product"}],"about":[{"href":"https:\/\/nordiccosmetic.de\/index.php?rest_route=\/wp\/v2\/types\/product"}],"replies":[{"embeddable":true,"href":"https:\/\/nordiccosmetic.de\/index.php?rest_route=%2Fwp%2Fv2%2Fcomments&post=108"}],"wp:featuredmedia":[{"embeddable":true,"href":"https:\/\/nordiccosmetic.de\/index.php?rest_route=\/wp\/v2\/media\/93"}],"wp:attachment":[{"href":"https:\/\/nordiccosmetic.de\/index.php?rest_route=%2Fwp%2Fv2%2Fmedia&parent=108"}],"wp:term":[{"taxonomy":"product_cat","embeddable":true,"href":"https:\/\/nordiccosmetic.de\/index.php?rest_route=%2Fwp%2Fv2%2Fproduct_cat&post=108"},{"taxonomy":"product_tag","embeddable":true,"href":"https:\/\/nordiccosmetic.de\/index.php?rest_route=%2Fwp%2Fv2%2Fproduct_tag&post=108"}],"curies":[{"name":"wp","href":"https:\/\/api.w.org\/{rel}","templated":true}]}}