

{"id":105,"date":"2024-09-05T11:49:19","date_gmt":"2024-09-05T11:49:19","guid":{"rendered":"https:\/\/nordiccosmetic.de\/?post_type=product&#038;p=105"},"modified":"2026-05-08T08:12:46","modified_gmt":"2026-05-08T08:12:46","slug":"eye-cream","status":"publish","type":"product","link":"https:\/\/nordiccosmetic.de\/?product=eye-cream","title":{"rendered":"Vegane Augencreme mit Hyalurons\u00e4ure 10ml"},"content":{"rendered":"<p>Mit unserer fortschrittlichen Augencreme erhalten Sie strahlende, jugendlich aussehende Augen! Mit einer speziellen Mischung aus nat\u00fcrlichen Extrakten hilft diese Augencreme, die Zeichen der Hautalterung zu reduzieren und Ihre Augen optimal aussehen zu lassen. Ihre aktive Komponente interagiert mit dem k\u00f6rpereigenen System, das Entz\u00fcndungen reduzieren und die Regeneration der Hautzellen f\u00f6rdern kann, um die Vitalit\u00e4t Ihrer Augenpartie zu verbessern. Entfalten Sie Ihr volles Potenzial und revitalisieren Sie Ihre nat\u00fcrliche Sch\u00f6nheit noch heute!<\/p>\n<p>Vegane und tierversuchsfreie Augencreme mit Hyalurons\u00e4ure f\u00fcr eine strahlende, beruhigende und mit Feuchtigkeit versorgte Augenpartie. Die Fierce Augencreme versorgt die Haut gezielt mit Feuchtigkeit und beruhigt geschwollene Augen und Augenringe. Diese hyaluronreiche Augencreme n\u00e4hrt die Haut um die Augen und regt den hauteigenen Regenerationsprozess an, neutralisiert freie Radikale und f\u00fcllt die Feuchtigkeitsspeicher der Haut auf. Die Fierce Augencreme zieht schnell in die Haut ein und sorgt f\u00fcr festere, aufgepolsterte und j\u00fcngere Haut; die Creme ist f\u00fcr alle Hauttypen geeignet und sollte morgens und abends verwendet werden.<\/p>\n","protected":false},"excerpt":{"rendered":"<ul>\n<li>Wenn Du mit geschwollenen Augen und dunklen Ringen zu k\u00e4mpfen hast<\/li>\n<li>Verwende die Creme um Deine Augenpartie, um aufzuhellen, auszugleichen und mit Feuchtigkeit zu versorgen<\/li>\n<li>Urlaub f\u00fcr Deine Haut<\/li>\n<\/ul>\n","protected":false},"featured_media":91,"comment_status":"open","ping_status":"closed","template":"","meta":[],"product_cat":[15],"product_tag":[],"class_list":{"0":"post-105","1":"product","2":"type-product","3":"status-publish","4":"has-post-thumbnail","6":"product_cat-uncategorized","8":"first","9":"instock","10":"shipping-taxable","11":"purchasable","12":"product-type-simple"},"_links":{"self":[{"href":"https:\/\/nordiccosmetic.de\/index.php?rest_route=\/wp\/v2\/product\/105","targetHints":{"allow":["GET"]}}],"collection":[{"href":"https:\/\/nordiccosmetic.de\/index.php?rest_route=\/wp\/v2\/product"}],"about":[{"href":"https:\/\/nordiccosmetic.de\/index.php?rest_route=\/wp\/v2\/types\/product"}],"replies":[{"embeddable":true,"href":"https:\/\/nordiccosmetic.de\/index.php?rest_route=%2Fwp%2Fv2%2Fcomments&post=105"}],"wp:featuredmedia":[{"embeddable":true,"href":"https:\/\/nordiccosmetic.de\/index.php?rest_route=\/wp\/v2\/media\/91"}],"wp:attachment":[{"href":"https:\/\/nordiccosmetic.de\/index.php?rest_route=%2Fwp%2Fv2%2Fmedia&parent=105"}],"wp:term":[{"taxonomy":"product_cat","embeddable":true,"href":"https:\/\/nordiccosmetic.de\/index.php?rest_route=%2Fwp%2Fv2%2Fproduct_cat&post=105"},{"taxonomy":"product_tag","embeddable":true,"href":"https:\/\/nordiccosmetic.de\/index.php?rest_route=%2Fwp%2Fv2%2Fproduct_tag&post=105"}],"curies":[{"name":"wp","href":"https:\/\/api.w.org\/{rel}","templated":true}]}}